{"id":23116,"date":"2024-04-10T16:11:12","date_gmt":"2024-04-10T21:11:13","guid":{"rendered":"https:\/\/dev2.mountainskysoap.com\/?post_type=product&#038;p=23116"},"modified":"2024-11-29T10:25:53","modified_gmt":"2024-11-29T15:25:53","slug":"boite-cadeau-retailles-de-savon","status":"publish","type":"product","link":"https:\/\/dev2.mountainskysoap.com\/fr\/product\/boite-cadeau-retailles-de-savon\/","title":{"rendered":"Bo\u00eete cadeau de savon assortie"},"content":{"rendered":"","protected":false},"excerpt":{"rendered":"<p>Si vous \u00eates soucieux de l\u2019environnement et que vous aimez les soins personnels luxueux, essayez notre <span class=\"m_1120677138460331650gmail-il\">coffret<\/span> <span class=\"m_1120677138460331650gmail-il\">cadeau<\/span> d\u2019\u00e9chantillons de <span class=\"m_1120677138460331650gmail-il\">tranches de savon<\/span> de <span class=\"m_1120677138460331650gmail-il\">1 kilo<\/span> qui comprend un d\u00e9licieux assortiment de 5 \u00e0 6 parfums de savon distincts, comprenant environ 22 pi\u00e8ces de tranches de savon. Emball\u00e9e \u00e9l\u00e9gamment dans un bo\u00eete cadeau, cette collection z\u00e9ro d\u00e9chet est un cadeau parfait pour vous-m\u00eame ou un \u00eatre cher, quelle que soit l\u2019occasion.<\/p>\n<h4>Obtenez un sac de savon Ramie naturel gratuit dans chaque bo\u00eete cadeau !<\/h4>\n<p>En prime, chaque bo\u00eete comprend un sac \u00e9conomiseur de savon exfoliant naturel gratuit. Ces sacs sont non seulement pratiques pour garder votre savon \u00e0 port\u00e9e de main, mais excellent \u00e9galement dans la cr\u00e9ation d\u2019une mousse luxueuse, am\u00e9liorant votre exp\u00e9rience de bain.<\/p>\n<p>Nos tranches de savon naturel assorties sont des savons qui n\u2019ont pas \u00e9t\u00e9 parfaits, de sorte qu\u2019ils varieront en forme et en taille.<\/p>\n<p>\u21d2 Veuillez noter qu\u2019en raison de la nature artisanale de notre production en petites s\u00e9ries, les couleurs peuvent varier.<\/p>\n<h3>Mountain Sky Soap<\/h3>\n<p>Les savons Mountain Soap Sky contiennent des huiles v\u00e9g\u00e9tales naturelles, du beurre de karit\u00e9, de la glyc\u00e9rine, des colorants naturels, des m\u00e9langes d&#8217;huiles essentielles pures et de l&#8217;eau de source de montagne. Comme nous d\u00e9coupons nos savons \u00e0 la main, nous veillons \u00e0 ce qu&#8217;ils durcissent correctement pour qu&#8217;ils durent longtemps.<\/p>\n<p>N\u2019h\u00e9sitez pas \u00e0 visiter notre <a href=\"https:\/\/dev2.mountainskysoap.com\/product-category\/natural-bar-soaps\/\">page Barres de savon naturels<\/a> pour d\u00e9couvrir tous les parfums propos\u00e9s par Mountain Sky.<\/p>\n","protected":false},"featured_media":23122,"comment_status":"closed","ping_status":"closed","template":"","meta":{"_acf_changed":false},"product_brand":[],"product_cat":[678],"product_tag":[691],"class_list":{"0":"post-23116","1":"product","2":"type-product","3":"status-publish","4":"has-post-thumbnail","6":"product_cat-barres-de-savon-naturel","7":"product_tag-sans-plastique","9":"first","10":"instock","11":"taxable","12":"shipping-taxable","13":"purchasable","14":"product-type-simple"},"acf":[],"_links":{"self":[{"href":"https:\/\/dev2.mountainskysoap.com\/fr\/wp-json\/wp\/v2\/product\/23116","targetHints":{"allow":["GET"]}}],"collection":[{"href":"https:\/\/dev2.mountainskysoap.com\/fr\/wp-json\/wp\/v2\/product"}],"about":[{"href":"https:\/\/dev2.mountainskysoap.com\/fr\/wp-json\/wp\/v2\/types\/product"}],"replies":[{"embeddable":true,"href":"https:\/\/dev2.mountainskysoap.com\/fr\/wp-json\/wp\/v2\/comments?post=23116"}],"wp:featuredmedia":[{"embeddable":true,"href":"https:\/\/dev2.mountainskysoap.com\/fr\/wp-json\/wp\/v2\/media\/23122"}],"wp:attachment":[{"href":"https:\/\/dev2.mountainskysoap.com\/fr\/wp-json\/wp\/v2\/media?parent=23116"}],"wp:term":[{"taxonomy":"product_brand","embeddable":true,"href":"https:\/\/dev2.mountainskysoap.com\/fr\/wp-json\/wp\/v2\/product_brand?post=23116"},{"taxonomy":"product_cat","embeddable":true,"href":"https:\/\/dev2.mountainskysoap.com\/fr\/wp-json\/wp\/v2\/product_cat?post=23116"},{"taxonomy":"product_tag","embeddable":true,"href":"https:\/\/dev2.mountainskysoap.com\/fr\/wp-json\/wp\/v2\/product_tag?post=23116"}],"curies":[{"name":"wp","href":"https:\/\/api.w.org\/{rel}","templated":true}]}}