{"id":21788,"date":"2020-03-23T21:33:24","date_gmt":"2023-09-09T14:03:10","guid":{"rendered":"https:\/\/dev2.mountainskysoap.com\/product\/shampoing-en-barre-eclat-dagrumes\/"},"modified":"2024-12-09T19:15:52","modified_gmt":"2024-12-10T00:15:52","slug":"shampoing-en-barre-eclat-agrumes","status":"publish","type":"product","link":"https:\/\/dev2.mountainskysoap.com\/fr\/product\/shampoing-en-barre-eclat-agrumes\/","title":{"rendered":"Shampoing en barre \u00e9clat d\u2019agrumes"},"content":{"rendered":"","protected":false},"excerpt":{"rendered":"<p><span style=\"color: #ff6600;\">Donnez \u00e0 vos cheveux un \u00e9clat avec des ar\u00f4mes d&#8217;agrumes rafra\u00eechissants et des prot\u00e9ines de lime et orange brillantes. Cette barre de shampoing clarifiante \u00e9claircira vos cheveux en \u00e9liminant les accumulations grasses. <\/span><\/p>\n<p><span style=\"color: #ff6600;\">Soyez le soleil \u00e9blouissant de la pi\u00e8ce avec des cheveux \u00e9clatants et lustr\u00e9s. <\/span><\/p>\n<p><span style=\"color: #ff6600;\"><strong>Pour les cheveux gras &#8211; Shampooing Clarifiant<\/strong> <\/span><\/p>\n<p><span style=\"color: #ff6600;\"><strong>Shampoing concentr\u00e9 en barre de 60 grammes<\/strong> Remplace 2 bouteilles de revitalisant en plastique. &#8211; Sans savon &#8211; <strong>pH \u00e9quilibr\u00e9.<\/strong><\/span><\/p>\n<p><span style=\"color: #ff6600;\"><b>Mode d\u2019emploi:<\/b><\/span><b> mouiller les cheveux.<\/b>Pour un lavage l\u00e9ger, frotter la barre entre les mains pour cr\u00e9er une mousse et appliquer la mousse sur les cheveux. Ou frotter la barre directement sur les cheveux. Masser la mousse sur les cheveux et le cuir chevelu, puis rincer.<\/p>\n<p><span style=\"color: #0066cc;\"><b>GARDER LA BARRE S\u00c8CHE apr\u00e8s chaque utilisation.<\/b><\/span><\/p>\n<p>\u21d2 Veuillez noter qu\u2019en raison de la nature artisanale de notre production en petites s\u00e9ries, les couleurs peuvent varier.<\/p>\n","protected":false},"featured_media":21463,"comment_status":"closed","ping_status":"closed","template":"","meta":{"_acf_changed":false},"product_brand":[],"product_cat":[679],"product_tag":[691],"class_list":{"0":"post-21788","1":"product","2":"type-product","3":"status-publish","4":"has-post-thumbnail","6":"product_cat-shampoings-et-revitalisants-en-barre","7":"product_tag-sans-plastique","9":"first","10":"instock","11":"taxable","12":"shipping-taxable","13":"purchasable","14":"product-type-simple"},"acf":[],"_links":{"self":[{"href":"https:\/\/dev2.mountainskysoap.com\/fr\/wp-json\/wp\/v2\/product\/21788","targetHints":{"allow":["GET"]}}],"collection":[{"href":"https:\/\/dev2.mountainskysoap.com\/fr\/wp-json\/wp\/v2\/product"}],"about":[{"href":"https:\/\/dev2.mountainskysoap.com\/fr\/wp-json\/wp\/v2\/types\/product"}],"replies":[{"embeddable":true,"href":"https:\/\/dev2.mountainskysoap.com\/fr\/wp-json\/wp\/v2\/comments?post=21788"}],"wp:featuredmedia":[{"embeddable":true,"href":"https:\/\/dev2.mountainskysoap.com\/fr\/wp-json\/wp\/v2\/media\/21463"}],"wp:attachment":[{"href":"https:\/\/dev2.mountainskysoap.com\/fr\/wp-json\/wp\/v2\/media?parent=21788"}],"wp:term":[{"taxonomy":"product_brand","embeddable":true,"href":"https:\/\/dev2.mountainskysoap.com\/fr\/wp-json\/wp\/v2\/product_brand?post=21788"},{"taxonomy":"product_cat","embeddable":true,"href":"https:\/\/dev2.mountainskysoap.com\/fr\/wp-json\/wp\/v2\/product_cat?post=21788"},{"taxonomy":"product_tag","embeddable":true,"href":"https:\/\/dev2.mountainskysoap.com\/fr\/wp-json\/wp\/v2\/product_tag?post=21788"}],"curies":[{"name":"wp","href":"https:\/\/api.w.org\/{rel}","templated":true}]}}