{"id":21787,"date":"2020-03-23T22:37:56","date_gmt":"2023-09-09T13:59:21","guid":{"rendered":"https:\/\/dev2.mountainskysoap.com\/product\/shampoing-en-barre-curly-q-vanille\/"},"modified":"2024-04-02T21:49:14","modified_gmt":"2024-04-03T02:49:14","slug":"shampoing-en-barre-curly-q-vanille","status":"publish","type":"product","link":"https:\/\/dev2.mountainskysoap.com\/fr\/product\/shampoing-en-barre-curly-q-vanille\/","title":{"rendered":"Shampoing en barre Curly Q vanille"},"content":{"rendered":"","protected":false},"excerpt":{"rendered":"<p><span style=\"color: #801900;\"><strong>Avez-vous les cheveux secs?<\/strong> Redonnez \u00e0 vos cheveux boucl\u00e9s leur beaut\u00e9 avec Curly Q.<br \/>\nNous avons ajout\u00e9 du beurre de karit\u00e9 extra cr\u00e9meux pour la brillance et la douceur. <\/span><\/p>\n<p><span style=\"color: #801900;\">Vous allez adorer ce parfum de vanille et cette sensation de luxe sur vos boucles.<\/span><\/p>\n<p><strong><span style=\"color: #801900;\">Pour cheveux secs<\/span><\/strong><\/p>\n<p><span style=\"color: #801900;\"><strong>Shampoing concentr\u00e9 en barre de 60 grammes<\/strong> Remplace 2 bouteilles de revitalisant en plastique. &#8211; Sans savon &#8211; <strong>pH \u00e9quilibr\u00e9.<\/strong><\/span><\/p>\n<p><span style=\"color: #801900;\"><b>Mode d\u2019emploi : mouiller les cheveux. <\/b><\/span>Pour un lavage l\u00e9ger, frotter la barre entre les mains pour cr\u00e9er une mousse et appliquer la mousse sur les cheveux. Ou frotter la barre directement sur les cheveux. Masser la mousse sur les cheveux et le cuir chevelu, puis rincer.<\/p>\n<p><span style=\"color: #0066cc;\"><b>GARDER LA BARRE S\u00c8CHE apr\u00e8s chaque utilisation.<\/b><\/span><\/p>\n<p>\u21d2 Veuillez noter qu\u2019en raison de la nature artisanale de notre production en petites s\u00e9ries, les couleurs peuvent varier.<\/p>\n","protected":false},"featured_media":21477,"comment_status":"closed","ping_status":"closed","template":"","meta":{"_acf_changed":false},"product_brand":[],"product_cat":[679],"product_tag":[691],"class_list":{"0":"post-21787","1":"product","2":"type-product","3":"status-publish","4":"has-post-thumbnail","6":"product_cat-shampoings-et-revitalisants-en-barre","7":"product_tag-sans-plastique","9":"first","10":"instock","11":"taxable","12":"shipping-taxable","13":"purchasable","14":"product-type-simple"},"acf":[],"_links":{"self":[{"href":"https:\/\/dev2.mountainskysoap.com\/fr\/wp-json\/wp\/v2\/product\/21787","targetHints":{"allow":["GET"]}}],"collection":[{"href":"https:\/\/dev2.mountainskysoap.com\/fr\/wp-json\/wp\/v2\/product"}],"about":[{"href":"https:\/\/dev2.mountainskysoap.com\/fr\/wp-json\/wp\/v2\/types\/product"}],"replies":[{"embeddable":true,"href":"https:\/\/dev2.mountainskysoap.com\/fr\/wp-json\/wp\/v2\/comments?post=21787"}],"wp:featuredmedia":[{"embeddable":true,"href":"https:\/\/dev2.mountainskysoap.com\/fr\/wp-json\/wp\/v2\/media\/21477"}],"wp:attachment":[{"href":"https:\/\/dev2.mountainskysoap.com\/fr\/wp-json\/wp\/v2\/media?parent=21787"}],"wp:term":[{"taxonomy":"product_brand","embeddable":true,"href":"https:\/\/dev2.mountainskysoap.com\/fr\/wp-json\/wp\/v2\/product_brand?post=21787"},{"taxonomy":"product_cat","embeddable":true,"href":"https:\/\/dev2.mountainskysoap.com\/fr\/wp-json\/wp\/v2\/product_cat?post=21787"},{"taxonomy":"product_tag","embeddable":true,"href":"https:\/\/dev2.mountainskysoap.com\/fr\/wp-json\/wp\/v2\/product_tag?post=21787"}],"curies":[{"name":"wp","href":"https:\/\/api.w.org\/{rel}","templated":true}]}}