{"id":21784,"date":"2020-03-24T02:50:37","date_gmt":"2023-09-09T13:26:57","guid":{"rendered":"https:\/\/dev2.mountainskysoap.com\/product\/shampoing-en-barre-a-la-creme-de-coco\/"},"modified":"2024-04-02T21:37:55","modified_gmt":"2024-04-03T02:37:55","slug":"shampoing-en-barre-creme-de-coco","status":"publish","type":"product","link":"https:\/\/dev2.mountainskysoap.com\/fr\/product\/shampoing-en-barre-creme-de-coco\/","title":{"rendered":"Shampoing en barre \u00e0 la cr\u00e8me de coco"},"content":{"rendered":"","protected":false},"excerpt":{"rendered":"<p><span style=\"color: #800000;\"><strong>Vous r\u00eavez d\u2019un paradis tropical?<\/strong> Faites mousser vos cheveux avec notre barre de shampoing \u00e0 la cr\u00e8me de coco, qui contient de l&#8217;huile de noix de coco tr\u00e8s hydratante. <\/span><\/p>\n<p><span style=\"color: #800000;\">Les prot\u00e9ines de riz renforcent et prot\u00e8gent la peau. Profitez du paradis avec de superbes cheveux.<\/span><\/p>\n<p><span style=\"color: #800000;\"><strong>Pour les cheveux normaux\/secs<\/strong> <\/span><\/p>\n<p><span style=\"color: #800000;\"><strong>Shampoing concentr\u00e9 en barre de 60 grammes<\/strong> Remplace 2 bouteilles de revitalisant en plastique. \u2013 Sans savon \u2013 pH \u00e9quilibr\u00e9.<\/span><\/p>\n<p><span style=\"color: #800000;\"><b>Mode d&#8217;emploi : mouiller les cheveux. <\/b><\/span>Pour un lavage l\u00e9ger, frotter la barre entre les mains pour cr\u00e9er une mousse et appliquer la mousse sur les cheveux. Ou frotter la barre directement sur les cheveux. Masser la mousse sur les cheveux et le cuir chevelu, puis rincer.<\/p>\n<p><span style=\"color: #0066cc;\"><b>GARDER LA BARRE S\u00c8CHE apr\u00e8s chaque utilisation.<\/b><\/span><\/p>\n<p>\u21d2 Veuillez noter qu\u2019en raison de la nature artisanale de notre production en petites s\u00e9ries, les couleurs peuvent varier.<\/p>\n","protected":false},"featured_media":21465,"comment_status":"closed","ping_status":"closed","template":"","meta":{"_acf_changed":false},"product_brand":[],"product_cat":[679],"product_tag":[],"class_list":{"0":"post-21784","1":"product","2":"type-product","3":"status-publish","4":"has-post-thumbnail","6":"product_cat-shampoings-et-revitalisants-en-barre","8":"first","9":"instock","10":"taxable","11":"shipping-taxable","12":"purchasable","13":"product-type-simple"},"acf":[],"_links":{"self":[{"href":"https:\/\/dev2.mountainskysoap.com\/fr\/wp-json\/wp\/v2\/product\/21784","targetHints":{"allow":["GET"]}}],"collection":[{"href":"https:\/\/dev2.mountainskysoap.com\/fr\/wp-json\/wp\/v2\/product"}],"about":[{"href":"https:\/\/dev2.mountainskysoap.com\/fr\/wp-json\/wp\/v2\/types\/product"}],"replies":[{"embeddable":true,"href":"https:\/\/dev2.mountainskysoap.com\/fr\/wp-json\/wp\/v2\/comments?post=21784"}],"wp:featuredmedia":[{"embeddable":true,"href":"https:\/\/dev2.mountainskysoap.com\/fr\/wp-json\/wp\/v2\/media\/21465"}],"wp:attachment":[{"href":"https:\/\/dev2.mountainskysoap.com\/fr\/wp-json\/wp\/v2\/media?parent=21784"}],"wp:term":[{"taxonomy":"product_brand","embeddable":true,"href":"https:\/\/dev2.mountainskysoap.com\/fr\/wp-json\/wp\/v2\/product_brand?post=21784"},{"taxonomy":"product_cat","embeddable":true,"href":"https:\/\/dev2.mountainskysoap.com\/fr\/wp-json\/wp\/v2\/product_cat?post=21784"},{"taxonomy":"product_tag","embeddable":true,"href":"https:\/\/dev2.mountainskysoap.com\/fr\/wp-json\/wp\/v2\/product_tag?post=21784"}],"curies":[{"name":"wp","href":"https:\/\/api.w.org\/{rel}","templated":true}]}}