{"id":21782,"date":"2020-10-29T20:51:43","date_gmt":"2023-09-09T13:08:28","guid":{"rendered":"https:\/\/dev2.mountainskysoap.com\/product\/conteneur-pour-shampooings-et-revitalisants-en-barre\/"},"modified":"2024-04-02T20:39:19","modified_gmt":"2024-04-03T01:39:19","slug":"conteneur-shampooings-et-revitalisants-en-barre","status":"publish","type":"product","link":"https:\/\/dev2.mountainskysoap.com\/fr\/product\/conteneur-shampooings-et-revitalisants-en-barre\/","title":{"rendered":"Conteneur pour shampooings et revitalisants en barre"},"content":{"rendered":"","protected":false},"excerpt":{"rendered":"<p>Ce contenant r\u00e9utilisable est parfait pour conserver votre barre de shampooing ou revitalisant Mountain Sky Soap pr\u00e9f\u00e9r\u00e9e, ou pour l&#8217;emporter avec vous !<\/p>\n<p>Que vous alliez au gym, \u00e0 la piscine ou en voyage, l&#8217;utilisation de nos barres concentr\u00e9es de shampoing et d&#8217;apr\u00e8s-shampoing vous \u00e9vite de transporter des bouteilles en plastique encombrantes. Cette bo\u00eete herm\u00e9tique a la taille id\u00e9ale pour \u00eatre gliss\u00e9e dans votre bagage \u00e0 main en avion, sans risque d&#8217;explosion dans votre valise.<\/p>\n<p><strong>R\u00e9cipient en m\u00e9tal de 36 g<\/strong> &#8211; Chaque r\u00e9cipient contient une barre de shampooing ou revitalisant. Pour de meilleurs r\u00e9sultats, laissez la barre s\u00e9cher entre les utilisations.<\/p>\n","protected":false},"featured_media":21473,"comment_status":"closed","ping_status":"closed","template":"","meta":{"_acf_changed":false},"product_brand":[],"product_cat":[679],"product_tag":[],"class_list":{"0":"post-21782","1":"product","2":"type-product","3":"status-publish","4":"has-post-thumbnail","6":"product_cat-shampoings-et-revitalisants-en-barre","8":"first","9":"instock","10":"taxable","11":"shipping-taxable","12":"purchasable","13":"product-type-simple"},"acf":[],"_links":{"self":[{"href":"https:\/\/dev2.mountainskysoap.com\/fr\/wp-json\/wp\/v2\/product\/21782","targetHints":{"allow":["GET"]}}],"collection":[{"href":"https:\/\/dev2.mountainskysoap.com\/fr\/wp-json\/wp\/v2\/product"}],"about":[{"href":"https:\/\/dev2.mountainskysoap.com\/fr\/wp-json\/wp\/v2\/types\/product"}],"replies":[{"embeddable":true,"href":"https:\/\/dev2.mountainskysoap.com\/fr\/wp-json\/wp\/v2\/comments?post=21782"}],"wp:featuredmedia":[{"embeddable":true,"href":"https:\/\/dev2.mountainskysoap.com\/fr\/wp-json\/wp\/v2\/media\/21473"}],"wp:attachment":[{"href":"https:\/\/dev2.mountainskysoap.com\/fr\/wp-json\/wp\/v2\/media?parent=21782"}],"wp:term":[{"taxonomy":"product_brand","embeddable":true,"href":"https:\/\/dev2.mountainskysoap.com\/fr\/wp-json\/wp\/v2\/product_brand?post=21782"},{"taxonomy":"product_cat","embeddable":true,"href":"https:\/\/dev2.mountainskysoap.com\/fr\/wp-json\/wp\/v2\/product_cat?post=21782"},{"taxonomy":"product_tag","embeddable":true,"href":"https:\/\/dev2.mountainskysoap.com\/fr\/wp-json\/wp\/v2\/product_tag?post=21782"}],"curies":[{"name":"wp","href":"https:\/\/api.w.org\/{rel}","templated":true}]}}