{"id":21780,"date":"2023-07-25T21:41:24","date_gmt":"2023-09-09T12:59:37","guid":{"rendered":"https:\/\/dev2.mountainskysoap.com\/product\/restes-de-pain-de-savon-naturel-assorti\/"},"modified":"2024-10-15T08:49:48","modified_gmt":"2024-10-15T13:49:48","slug":"embouts-barre-de-savon-naturel","status":"publish","type":"product","link":"https:\/\/dev2.mountainskysoap.com\/fr\/product\/embouts-barre-de-savon-naturel\/","title":{"rendered":"Retailles de barre de savon naturel assorti"},"content":{"rendered":"","protected":false},"excerpt":{"rendered":"<p><span style=\"color: #800000;\"><strong><span style=\"color: #ff0000;\">Une commande<\/span> = 1 kg (environ l\u2019\u00e9quivalent de 7,5 bars)<\/strong><\/span><\/p>\n<p>Chaque commande est compos\u00e9e d&#8217;un m\u00e9lange unique de retailles assorties de savon naturel Mountain Sky Soap. Ces savons hydratants sont imparfaits et leur forme et leur taille sont donc variables.<\/p>\n<p>Les savons arriveront non emball\u00e9s.<\/p>\n<p>Les savons Mountain Soap Sky contiennent des huiles v\u00e9g\u00e9tales naturelles, du beurre de karit\u00e9, de la glyc\u00e9rine, des colorants naturels, des m\u00e9langes d&#8217;huiles essentielles pures et de l&#8217;eau de source de montagne. Comme nous d\u00e9coupons nos savons \u00e0 la main, nous veillons \u00e0 ce qu&#8217;ils durcissent correctement pour qu&#8217;ils durent longtemps.<\/p>\n<p>Beaucoup de gens avec la peau sensible appr\u00e9cient les savons de Mountain Sky Soap.<\/p>\n<p>\u21d2 Veuillez noter qu\u2019en raison de la nature artisanale de notre production en petites s\u00e9ries, les couleurs peuvent varier.<\/p>\n","protected":false},"featured_media":21516,"comment_status":"closed","ping_status":"closed","template":"","meta":{"_acf_changed":false},"product_brand":[],"product_cat":[678],"product_tag":[691],"class_list":{"0":"post-21780","1":"product","2":"type-product","3":"status-publish","4":"has-post-thumbnail","6":"product_cat-barres-de-savon-naturel","7":"product_tag-sans-plastique","9":"first","10":"instock","11":"taxable","12":"shipping-taxable","13":"purchasable","14":"product-type-simple"},"acf":[],"_links":{"self":[{"href":"https:\/\/dev2.mountainskysoap.com\/fr\/wp-json\/wp\/v2\/product\/21780","targetHints":{"allow":["GET"]}}],"collection":[{"href":"https:\/\/dev2.mountainskysoap.com\/fr\/wp-json\/wp\/v2\/product"}],"about":[{"href":"https:\/\/dev2.mountainskysoap.com\/fr\/wp-json\/wp\/v2\/types\/product"}],"replies":[{"embeddable":true,"href":"https:\/\/dev2.mountainskysoap.com\/fr\/wp-json\/wp\/v2\/comments?post=21780"}],"wp:featuredmedia":[{"embeddable":true,"href":"https:\/\/dev2.mountainskysoap.com\/fr\/wp-json\/wp\/v2\/media\/21516"}],"wp:attachment":[{"href":"https:\/\/dev2.mountainskysoap.com\/fr\/wp-json\/wp\/v2\/media?parent=21780"}],"wp:term":[{"taxonomy":"product_brand","embeddable":true,"href":"https:\/\/dev2.mountainskysoap.com\/fr\/wp-json\/wp\/v2\/product_brand?post=21780"},{"taxonomy":"product_cat","embeddable":true,"href":"https:\/\/dev2.mountainskysoap.com\/fr\/wp-json\/wp\/v2\/product_cat?post=21780"},{"taxonomy":"product_tag","embeddable":true,"href":"https:\/\/dev2.mountainskysoap.com\/fr\/wp-json\/wp\/v2\/product_tag?post=21780"}],"curies":[{"name":"wp","href":"https:\/\/api.w.org\/{rel}","templated":true}]}}