{"id":21779,"date":"2020-04-20T18:20:42","date_gmt":"2023-09-09T12:51:57","guid":{"rendered":"https:\/\/dev2.mountainskysoap.com\/product\/revitalisant-en-barre-a-la-creme-de-coco\/"},"modified":"2024-04-02T21:37:38","modified_gmt":"2024-04-03T02:37:38","slug":"revitalisant-en-barre-creme-de-coco","status":"publish","type":"product","link":"https:\/\/dev2.mountainskysoap.com\/fr\/product\/revitalisant-en-barre-creme-de-coco\/","title":{"rendered":"Revitalisant en barre \u00e0 la cr\u00e8me de coco"},"content":{"rendered":"","protected":false},"excerpt":{"rendered":"<p><strong><span style=\"color: #800000;\">Vous r\u00eavez d\u2019un paradis tropical? <\/span><\/strong><\/p>\n<p><span style=\"color: #800000;\">Ravivez vos cheveux avec notre barre de revitalisant \u00e0 la cr\u00e8me de coco, qui contient de l&#8217;huile de noix de coco hydratante et des prot\u00e9ines de riz pour prot\u00e9ger vos cheveux.<\/span><\/p>\n<p><span style=\"color: #800000;\">Nous ajoutons \u00e9galement un d\u00e9m\u00ealant non silicon\u00e9 \u00e0 base v\u00e9g\u00e9tale.<\/span><\/p>\n<p><span style=\"color: #800000;\">Profitez du paradis avec des cheveux superbement hydrat\u00e9s.<\/span><\/p>\n<p><span style=\"color: #800000;\"><span style=\"color: #800000;\">Revitalisant en barre concentr\u00e9 de 50 grammes \u2013 Adoucit et d\u00e9m\u00eale les cheveux \u2013 Remplace 2 bouteilles de revitalisant en plastique<\/span><\/span><\/p>\n<p><span style=\"color: #800000;\"><strong>Mode d&#8217;emploi :<\/strong> Apr\u00e8s le shampooing, frotter la barre sur les cheveux mouill\u00e9s en commen\u00e7ant par le haut de la t\u00eate et en descendant. Faites p\u00e9n\u00e9trer le revitalisant en massant. Rincez bien.<\/span><\/p>\n<p><span style=\"color: #800000;\">GARDER LA BARRE S\u00c8CHE apr\u00e8s chaque utilisation.<\/span><\/p>\n<p>\u21d2 Veuillez noter qu\u2019en raison de la nature artisanale de notre production en petites s\u00e9ries, les couleurs peuvent varier.<\/p>\n","protected":false},"featured_media":21464,"comment_status":"closed","ping_status":"closed","template":"","meta":{"_acf_changed":false},"product_brand":[],"product_cat":[679],"product_tag":[691],"class_list":{"0":"post-21779","1":"product","2":"type-product","3":"status-publish","4":"has-post-thumbnail","6":"product_cat-shampoings-et-revitalisants-en-barre","7":"product_tag-sans-plastique","9":"first","10":"instock","11":"taxable","12":"shipping-taxable","13":"purchasable","14":"product-type-simple"},"acf":[],"_links":{"self":[{"href":"https:\/\/dev2.mountainskysoap.com\/fr\/wp-json\/wp\/v2\/product\/21779","targetHints":{"allow":["GET"]}}],"collection":[{"href":"https:\/\/dev2.mountainskysoap.com\/fr\/wp-json\/wp\/v2\/product"}],"about":[{"href":"https:\/\/dev2.mountainskysoap.com\/fr\/wp-json\/wp\/v2\/types\/product"}],"replies":[{"embeddable":true,"href":"https:\/\/dev2.mountainskysoap.com\/fr\/wp-json\/wp\/v2\/comments?post=21779"}],"wp:featuredmedia":[{"embeddable":true,"href":"https:\/\/dev2.mountainskysoap.com\/fr\/wp-json\/wp\/v2\/media\/21464"}],"wp:attachment":[{"href":"https:\/\/dev2.mountainskysoap.com\/fr\/wp-json\/wp\/v2\/media?parent=21779"}],"wp:term":[{"taxonomy":"product_brand","embeddable":true,"href":"https:\/\/dev2.mountainskysoap.com\/fr\/wp-json\/wp\/v2\/product_brand?post=21779"},{"taxonomy":"product_cat","embeddable":true,"href":"https:\/\/dev2.mountainskysoap.com\/fr\/wp-json\/wp\/v2\/product_cat?post=21779"},{"taxonomy":"product_tag","embeddable":true,"href":"https:\/\/dev2.mountainskysoap.com\/fr\/wp-json\/wp\/v2\/product_tag?post=21779"}],"curies":[{"name":"wp","href":"https:\/\/api.w.org\/{rel}","templated":true}]}}