{"id":21776,"date":"2020-04-22T22:43:26","date_gmt":"2023-09-09T12:43:02","guid":{"rendered":"https:\/\/dev2.mountainskysoap.com\/product\/revitalisant-en-barre-curly-q-vanille\/"},"modified":"2024-04-02T21:36:58","modified_gmt":"2024-04-03T02:36:58","slug":"revitalisant-en-barre-curly-q-vanille","status":"publish","type":"product","link":"https:\/\/dev2.mountainskysoap.com\/fr\/product\/revitalisant-en-barre-curly-q-vanille\/","title":{"rendered":"Revitalisant en barre Curly Q vanille"},"content":{"rendered":"","protected":false},"excerpt":{"rendered":"<p><strong><span style=\"color: #801900;\">Avez-vous les cheveux secs? Redonnez du ressort \u00e0 votre chevelure avec le revitalisant en barre pour les cheveux boucl\u00e9s. <\/span><\/strong><\/p>\n<p><span style=\"color: #801900;\">Des extraits de beurre de cacao et de beurre de karit\u00e9 sont incorpor\u00e9s pour plus de brillance. <\/span><\/p>\n<p><span style=\"color: #801900;\">Nous avons combin\u00e9 un d\u00e9m\u00ealant non silicon\u00e9 \u00e0 base v\u00e9g\u00e9tale avec des prot\u00e9ines de riz pour renforcer et d\u00e9m\u00ealer vos cheveux. Vous allez adorer ce parfum de vanille et la douceur qu&#8217;il apporte \u00e0 vos boucles.<\/span><\/p>\n<p><span style=\"color: #801900;\">Revitalisant en barre concentr\u00e9 de 50 grammes \u2013 Adoucit et d\u00e9m\u00eale les cheveux \u2013 Remplace 2 bouteilles de revitalisant en plastique<span style=\"color: #2a5e09;\"><span style=\"color: #993300;\">.<\/span><\/span><\/span><\/p>\n<p><span style=\"color: #801900;\"><strong>Mode d&#8217;emploi :<\/strong> Apr\u00e8s le shampooing, frotter la barre sur les cheveux mouill\u00e9s en commen\u00e7ant par le haut de la t\u00eate et en descendant. Faites p\u00e9n\u00e9trer le revitalisant en massant. Rincez bien.<\/span><\/p>\n<p><span style=\"color: #801900;\">GARDER LA BARRE S\u00c8CHE apr\u00e8s chaque utilisation.<\/span><\/p>\n<p>\u21d2 Veuillez noter qu\u2019en raison de la nature artisanale de notre production en petites s\u00e9ries, les couleurs peuvent varier.<\/p>\n","protected":false},"featured_media":21469,"comment_status":"closed","ping_status":"closed","template":"","meta":{"_acf_changed":false},"product_brand":[],"product_cat":[679],"product_tag":[691],"class_list":{"0":"post-21776","1":"product","2":"type-product","3":"status-publish","4":"has-post-thumbnail","6":"product_cat-shampoings-et-revitalisants-en-barre","7":"product_tag-sans-plastique","9":"first","10":"instock","11":"taxable","12":"shipping-taxable","13":"purchasable","14":"product-type-simple"},"acf":[],"_links":{"self":[{"href":"https:\/\/dev2.mountainskysoap.com\/fr\/wp-json\/wp\/v2\/product\/21776","targetHints":{"allow":["GET"]}}],"collection":[{"href":"https:\/\/dev2.mountainskysoap.com\/fr\/wp-json\/wp\/v2\/product"}],"about":[{"href":"https:\/\/dev2.mountainskysoap.com\/fr\/wp-json\/wp\/v2\/types\/product"}],"replies":[{"embeddable":true,"href":"https:\/\/dev2.mountainskysoap.com\/fr\/wp-json\/wp\/v2\/comments?post=21776"}],"wp:featuredmedia":[{"embeddable":true,"href":"https:\/\/dev2.mountainskysoap.com\/fr\/wp-json\/wp\/v2\/media\/21469"}],"wp:attachment":[{"href":"https:\/\/dev2.mountainskysoap.com\/fr\/wp-json\/wp\/v2\/media?parent=21776"}],"wp:term":[{"taxonomy":"product_brand","embeddable":true,"href":"https:\/\/dev2.mountainskysoap.com\/fr\/wp-json\/wp\/v2\/product_brand?post=21776"},{"taxonomy":"product_cat","embeddable":true,"href":"https:\/\/dev2.mountainskysoap.com\/fr\/wp-json\/wp\/v2\/product_cat?post=21776"},{"taxonomy":"product_tag","embeddable":true,"href":"https:\/\/dev2.mountainskysoap.com\/fr\/wp-json\/wp\/v2\/product_tag?post=21776"}],"curies":[{"name":"wp","href":"https:\/\/api.w.org\/{rel}","templated":true}]}}