{"id":21775,"date":"2020-04-22T22:59:48","date_gmt":"2023-09-09T12:35:29","guid":{"rendered":"https:\/\/dev2.mountainskysoap.com\/product\/revitalisant-en-barre-boise\/"},"modified":"2024-04-02T21:36:48","modified_gmt":"2024-04-03T02:36:48","slug":"revitalisant-en-barre-boise","status":"publish","type":"product","link":"https:\/\/dev2.mountainskysoap.com\/fr\/product\/revitalisant-en-barre-boise\/","title":{"rendered":"Revitalisant en barre Bois\u00e9"},"content":{"rendered":"","protected":false},"excerpt":{"rendered":"<p><span style=\"color: #2a5e09;\"><strong>Vous pouvez adoucir vos cheveux et votre barbe gr\u00e2ce \u00e0 cette barre de revitalisant solide et pratique.<\/strong><br \/>\nNous avons combin\u00e9 un d\u00e9m\u00ealant non silicon\u00e9 \u00e0 base v\u00e9g\u00e9tale avec des prot\u00e9ines de riz pour renforcer et d\u00e9m\u00ealer vos cheveux. <\/span><\/p>\n<p><span style=\"color: #2a5e09;\">Le beurre de cacao hydratant ajout\u00e9 garde les cheveux doux. Ne faites plus qu&#8217;un avec la nature, enchantez les autres avec votre nouveau charisme bois\u00e9.<\/span><\/p>\n<p><span style=\"color: #2a5e09;\">Revitalisant en barre concentr\u00e9 de 50 grammes \u2013 Adoucit et d\u00e9m\u00eale les cheveux \u2013 Remplace 2 bouteilles de revitalisant en plastique.<\/span><\/p>\n<p><span style=\"color: #2a5e09;\"><strong>Mode d&#8217;emploi :<\/strong> Apr\u00e8s le shampooing, frotter la barre sur les cheveux mouill\u00e9s en commen\u00e7ant par le haut de la t\u00eate et en descendant. Faites p\u00e9n\u00e9trer le revitalisant en massant. Rincez bien.<\/span><\/p>\n<p><span style=\"color: #2a5e09;\">GARDER LA BARRE S\u00c8CHE apr\u00e8s chaque utilisation.<\/span><\/p>\n<p>\u21d2 Veuillez noter qu\u2019en raison de la nature artisanale de notre production en petites s\u00e9ries, les couleurs peuvent varier.<\/p>\n","protected":false},"featured_media":21471,"comment_status":"closed","ping_status":"closed","template":"","meta":{"_acf_changed":false},"product_brand":[],"product_cat":[679],"product_tag":[691],"class_list":{"0":"post-21775","1":"product","2":"type-product","3":"status-publish","4":"has-post-thumbnail","6":"product_cat-shampoings-et-revitalisants-en-barre","7":"product_tag-sans-plastique","9":"first","10":"instock","11":"taxable","12":"shipping-taxable","13":"purchasable","14":"product-type-simple"},"acf":[],"_links":{"self":[{"href":"https:\/\/dev2.mountainskysoap.com\/fr\/wp-json\/wp\/v2\/product\/21775","targetHints":{"allow":["GET"]}}],"collection":[{"href":"https:\/\/dev2.mountainskysoap.com\/fr\/wp-json\/wp\/v2\/product"}],"about":[{"href":"https:\/\/dev2.mountainskysoap.com\/fr\/wp-json\/wp\/v2\/types\/product"}],"replies":[{"embeddable":true,"href":"https:\/\/dev2.mountainskysoap.com\/fr\/wp-json\/wp\/v2\/comments?post=21775"}],"wp:featuredmedia":[{"embeddable":true,"href":"https:\/\/dev2.mountainskysoap.com\/fr\/wp-json\/wp\/v2\/media\/21471"}],"wp:attachment":[{"href":"https:\/\/dev2.mountainskysoap.com\/fr\/wp-json\/wp\/v2\/media?parent=21775"}],"wp:term":[{"taxonomy":"product_brand","embeddable":true,"href":"https:\/\/dev2.mountainskysoap.com\/fr\/wp-json\/wp\/v2\/product_brand?post=21775"},{"taxonomy":"product_cat","embeddable":true,"href":"https:\/\/dev2.mountainskysoap.com\/fr\/wp-json\/wp\/v2\/product_cat?post=21775"},{"taxonomy":"product_tag","embeddable":true,"href":"https:\/\/dev2.mountainskysoap.com\/fr\/wp-json\/wp\/v2\/product_tag?post=21775"}],"curies":[{"name":"wp","href":"https:\/\/api.w.org\/{rel}","templated":true}]}}