{"id":21768,"date":"2020-08-19T21:10:46","date_gmt":"2023-09-08T23:48:08","guid":{"rendered":"https:\/\/dev2.mountainskysoap.com\/product\/shampoing-en-barre-au-bois-de-santal-et-damla\/"},"modified":"2024-04-02T21:36:37","modified_gmt":"2024-04-03T02:36:37","slug":"shampoing-en-barre-bois-de-santal-amla","status":"publish","type":"product","link":"https:\/\/dev2.mountainskysoap.com\/fr\/product\/shampoing-en-barre-bois-de-santal-amla\/","title":{"rendered":"Shampoing en barre au bois de santal et d\u2019amla"},"content":{"rendered":"","protected":false},"excerpt":{"rendered":"<p><span style=\"color: #8aa145;\"><strong>D\u00e9riv\u00e9 du mot hindi champu, l&#8217;Inde a introduit le nettoyage des cheveux aupr\u00e8s des Europ\u00e9ens en massant le cuir chevelu avec le fruit de l&#8217;amla.<\/strong> <\/span><\/p>\n<p><span style=\"color: #8aa145;\">Les vitamines et les min\u00e9raux pr\u00e9sents dans l\u2019amla peuvent contribuer \u00e0 augmenter la circulation du cuir chevelu, ce qui stimule une croissance saine. Profitez de l&#8217;ar\u00f4me apaisant du bois de santal indien dans notre barre de shampoing \u00e0 l&#8217;amla. Rapprochez-vous du nirvana.<\/span><\/p>\n<p><span style=\"color: #8aa145;\"><strong>Pour les<span style=\"color: #8aa145;\"><\/span><strong> cheveux normaux<\/strong><\/strong><\/span><\/p>\n<p>\u21d2 Veuillez noter qu\u2019en raison de la nature artisanale de notre production en petites s\u00e9ries, les couleurs peuvent varier.<\/p>\n<p><span style=\"color: #8aa145;\"><strong>Shampoing concentr\u00e9 en barre de 60 grammes<\/strong> Remplace 2 bouteilles de revitalisant en plastique. &#8211; Sans savon &#8211; <strong>pH \u00e9quilibr\u00e9<\/strong><\/span><span style=\"color: #808000;\"><strong>.<\/strong><\/span> <\/p>\n<p><span style=\"color: #8aa145;\"><b>Mode d&#8217;emploi : <\/b><\/span><strong>mouiller les cheveux<\/strong>. Pour un lavage l\u00e9ger, frotter la barre entre les mains pour cr\u00e9er une mousse et appliquer la mousse sur les cheveux. Ou frotter la barre directement sur<br \/>\nles cheveux. Masser la mousse sur les cheveux et le cuir chevelu, puis rincer.<\/p>\n<p><span style=\"color: #0066cc;\"><b>GARDER LA BARRE S\u00c8CHE apr\u00e8s chaque utilisation.<\/b><\/span><\/p>\n","protected":false},"featured_media":21364,"comment_status":"closed","ping_status":"closed","template":"","meta":{"_acf_changed":false},"product_brand":[],"product_cat":[679],"product_tag":[691],"class_list":{"0":"post-21768","1":"product","2":"type-product","3":"status-publish","4":"has-post-thumbnail","6":"product_cat-shampoings-et-revitalisants-en-barre","7":"product_tag-sans-plastique","9":"first","10":"instock","11":"taxable","12":"shipping-taxable","13":"purchasable","14":"product-type-simple"},"acf":[],"_links":{"self":[{"href":"https:\/\/dev2.mountainskysoap.com\/fr\/wp-json\/wp\/v2\/product\/21768","targetHints":{"allow":["GET"]}}],"collection":[{"href":"https:\/\/dev2.mountainskysoap.com\/fr\/wp-json\/wp\/v2\/product"}],"about":[{"href":"https:\/\/dev2.mountainskysoap.com\/fr\/wp-json\/wp\/v2\/types\/product"}],"replies":[{"embeddable":true,"href":"https:\/\/dev2.mountainskysoap.com\/fr\/wp-json\/wp\/v2\/comments?post=21768"}],"wp:featuredmedia":[{"embeddable":true,"href":"https:\/\/dev2.mountainskysoap.com\/fr\/wp-json\/wp\/v2\/media\/21364"}],"wp:attachment":[{"href":"https:\/\/dev2.mountainskysoap.com\/fr\/wp-json\/wp\/v2\/media?parent=21768"}],"wp:term":[{"taxonomy":"product_brand","embeddable":true,"href":"https:\/\/dev2.mountainskysoap.com\/fr\/wp-json\/wp\/v2\/product_brand?post=21768"},{"taxonomy":"product_cat","embeddable":true,"href":"https:\/\/dev2.mountainskysoap.com\/fr\/wp-json\/wp\/v2\/product_cat?post=21768"},{"taxonomy":"product_tag","embeddable":true,"href":"https:\/\/dev2.mountainskysoap.com\/fr\/wp-json\/wp\/v2\/product_tag?post=21768"}],"curies":[{"name":"wp","href":"https:\/\/api.w.org\/{rel}","templated":true}]}}