{"id":21765,"date":"2020-08-20T19:20:52","date_gmt":"2023-09-08T23:36:14","guid":{"rendered":"https:\/\/dev2.mountainskysoap.com\/product\/revitalisant-en-barre-au-bois-de-santal-et-damla\/"},"modified":"2024-08-15T18:16:57","modified_gmt":"2024-08-15T23:16:57","slug":"revitalisant-en-barre-bois-de-santal-amla","status":"publish","type":"product","link":"https:\/\/dev2.mountainskysoap.com\/fr\/product\/revitalisant-en-barre-bois-de-santal-amla\/","title":{"rendered":"Revitalisant en barre amla bois de santal"},"content":{"rendered":"","protected":false},"excerpt":{"rendered":"<h2>Enrichi en fruit d\u2019Amla &#8211; pour cheveux normaux\/secs<\/h2>\n<p> L&#8217;Inde a introduit le revitalisant aupr\u00e8s des Europ\u00e9ens en massant le fruit de l&#8217;amla dans les cheveux pour les \u00e9paissir et leur donner du volume. Les vitamines et les min\u00e9raux pr\u00e9sents dans l&#8217;amla peuvent contribuer \u00e0 augmenter la circulation du cuir chevelu, ce qui stimule une croissance saine. <\/p>\n<h3>Avantages du revitalisant en barre Amla bois de santal<\/h3>\n<p> R\u00e9pare et renforce les cheveux Pr\u00e9vient les dommages Apporte de l\u2019hydratation Augmente le volume des cheveux Revitalise la sant\u00e9 des cheveux Am\u00e9liore l&#8217;\u00e9clat et la souplesse Contr\u00f4le les frisottis \u00c9quilibre le pH 50g Barre concentr\u00e9e = 70+ utilisations. Taille adapt\u00e9e aux voyages. Fait \u00e0 partir de 97,7 % d\u2019ingr\u00e9dients d\u2019origine naturelle. <\/p>\n<h3>Mode d\u2019emploi<\/h3>\n<p> Apr\u00e8s le shampooing, frotter la barre dans les mains. Masser les cheveux, du sommet jusqu\u2019aux pointes. Laisser agir 1 \u00e0 2 minutes. Bien rincer. Garder la barre au sec entre les utilisations. Avertissements : usage externe uniquement. \u00c9viter le contact avec les yeux. <\/p>\n<h3><span data-sheets-root=\"1\"> Ingr\u00e9dients<\/span><\/h3>\n<p><span data-sheets-root=\"1\">behentrimonium methosulfate, cetyl alcohol*, centrimonium chloride, Santalum spicatum*, emblica officinalis (amla) fruit extract\/powder*, hydrolyzed rice protein* *fai \u00e0 partir d\u2019ingr\u00e9dients biologiques<\/span> Visitez la collection compl\u00e8te de <a href=\"https:\/\/dev2.mountainskysoap.com\/product-category\/shampoo-and-conditioner-bars\/\">soins capillaire<\/a> de Mountain Sky Soap. \u21d2 Veuillez noter qu\u2019en raison de la nature artisanale de notre production en petites s\u00e9ries, les couleurs peuvent varier.<\/p>\n","protected":false},"featured_media":21365,"comment_status":"closed","ping_status":"closed","template":"","meta":{"_acf_changed":false},"product_brand":[],"product_cat":[679],"product_tag":[691],"class_list":{"0":"post-21765","1":"product","2":"type-product","3":"status-publish","4":"has-post-thumbnail","6":"product_cat-shampoings-et-revitalisants-en-barre","7":"product_tag-sans-plastique","9":"first","10":"instock","11":"taxable","12":"shipping-taxable","13":"purchasable","14":"product-type-simple"},"acf":[],"_links":{"self":[{"href":"https:\/\/dev2.mountainskysoap.com\/fr\/wp-json\/wp\/v2\/product\/21765","targetHints":{"allow":["GET"]}}],"collection":[{"href":"https:\/\/dev2.mountainskysoap.com\/fr\/wp-json\/wp\/v2\/product"}],"about":[{"href":"https:\/\/dev2.mountainskysoap.com\/fr\/wp-json\/wp\/v2\/types\/product"}],"replies":[{"embeddable":true,"href":"https:\/\/dev2.mountainskysoap.com\/fr\/wp-json\/wp\/v2\/comments?post=21765"}],"wp:featuredmedia":[{"embeddable":true,"href":"https:\/\/dev2.mountainskysoap.com\/fr\/wp-json\/wp\/v2\/media\/21365"}],"wp:attachment":[{"href":"https:\/\/dev2.mountainskysoap.com\/fr\/wp-json\/wp\/v2\/media?parent=21765"}],"wp:term":[{"taxonomy":"product_brand","embeddable":true,"href":"https:\/\/dev2.mountainskysoap.com\/fr\/wp-json\/wp\/v2\/product_brand?post=21765"},{"taxonomy":"product_cat","embeddable":true,"href":"https:\/\/dev2.mountainskysoap.com\/fr\/wp-json\/wp\/v2\/product_cat?post=21765"},{"taxonomy":"product_tag","embeddable":true,"href":"https:\/\/dev2.mountainskysoap.com\/fr\/wp-json\/wp\/v2\/product_tag?post=21765"}],"curies":[{"name":"wp","href":"https:\/\/api.w.org\/{rel}","templated":true}]}}