{"id":21754,"date":"2015-09-30T02:48:55","date_gmt":"2023-09-08T23:11:49","guid":{"rendered":"https:\/\/dev2.mountainskysoap.com\/product\/savon-de-castille-liquide-non-parfume\/"},"modified":"2024-04-02T21:52:47","modified_gmt":"2024-04-03T02:52:47","slug":"savon-de-castille-liquide-non-parfume","status":"publish","type":"product","link":"https:\/\/dev2.mountainskysoap.com\/fr\/product\/savon-de-castille-liquide-non-parfume\/","title":{"rendered":"Savon de Castille liquide non parfum\u00e9"},"content":{"rendered":"","protected":false},"excerpt":{"rendered":"<p><strong>Non parfum\u00e9 &#8211; Savon naturel de Castille liquide concentr\u00e9<\/strong><\/p>\n<p>Notre savon liquide de Castille naturel non parfum\u00e9 est id\u00e9al pour ceux qui pr\u00e9f\u00e8rent un savon simple et authentique. Nous avons ajout\u00e9 de la glyc\u00e9rine pour cr\u00e9er un savon plus doux pour les peaux sensibles, les nourrissons et les jeunes enfants.<\/p>\n<p><strong>Les savons de Castille Mountain Sky Soap sont concentr\u00e9s et peuvent \u00eatre dilu\u00e9s pour diverses utilisations. Vous pouvez m\u00e9langer le savon comme sugg\u00e9r\u00e9, ou vous pouvez l&#8217;utiliser directement \u00e0 partir de la bouteille. <\/strong><\/p>\n<p><a href=\"https:\/\/dev2.mountainskysoap.com\/150819\/suggested-uses-of-mountain-sky-liquid-castle-soap\/\" target=\"_blank\" rel=\"noopener noreferrer\">Utilisations sugg\u00e9r\u00e9es pour la savon de Castille liquide<\/a><\/p>\n<p>\u21d2 Veuillez noter qu\u2019en raison de la nature artisanale de notre production en petites s\u00e9ries, les couleurs peuvent varier.<\/p>\n","protected":false},"featured_media":21491,"comment_status":"closed","ping_status":"closed","template":"","meta":{"_acf_changed":false},"product_brand":[],"product_cat":[673],"product_tag":[],"class_list":{"0":"post-21754","1":"product","2":"type-product","3":"status-publish","4":"has-post-thumbnail","6":"product_cat-savon-de-castille-liquide","8":"first","9":"instock","10":"taxable","11":"shipping-taxable","12":"purchasable","13":"product-type-variable","14":"has-default-attributes"},"acf":[],"_links":{"self":[{"href":"https:\/\/dev2.mountainskysoap.com\/fr\/wp-json\/wp\/v2\/product\/21754","targetHints":{"allow":["GET"]}}],"collection":[{"href":"https:\/\/dev2.mountainskysoap.com\/fr\/wp-json\/wp\/v2\/product"}],"about":[{"href":"https:\/\/dev2.mountainskysoap.com\/fr\/wp-json\/wp\/v2\/types\/product"}],"replies":[{"embeddable":true,"href":"https:\/\/dev2.mountainskysoap.com\/fr\/wp-json\/wp\/v2\/comments?post=21754"}],"wp:featuredmedia":[{"embeddable":true,"href":"https:\/\/dev2.mountainskysoap.com\/fr\/wp-json\/wp\/v2\/media\/21491"}],"wp:attachment":[{"href":"https:\/\/dev2.mountainskysoap.com\/fr\/wp-json\/wp\/v2\/media?parent=21754"}],"wp:term":[{"taxonomy":"product_brand","embeddable":true,"href":"https:\/\/dev2.mountainskysoap.com\/fr\/wp-json\/wp\/v2\/product_brand?post=21754"},{"taxonomy":"product_cat","embeddable":true,"href":"https:\/\/dev2.mountainskysoap.com\/fr\/wp-json\/wp\/v2\/product_cat?post=21754"},{"taxonomy":"product_tag","embeddable":true,"href":"https:\/\/dev2.mountainskysoap.com\/fr\/wp-json\/wp\/v2\/product_tag?post=21754"}],"curies":[{"name":"wp","href":"https:\/\/api.w.org\/{rel}","templated":true}]}}