{"id":21738,"date":"2015-09-30T02:41:05","date_gmt":"2023-09-08T23:01:51","guid":{"rendered":"https:\/\/dev2.mountainskysoap.com\/product\/savon-de-castile-liquide-paradis-de-la-lavande\/"},"modified":"2025-01-13T14:12:15","modified_gmt":"2025-01-13T19:12:15","slug":"savon-de-castile-liquide-paradis-de-la-lavande","status":"publish","type":"product","link":"https:\/\/dev2.mountainskysoap.com\/fr\/product\/savon-de-castile-liquide-paradis-de-la-lavande\/","title":{"rendered":"Savon de Castile liquide Paradis de la lavande"},"content":{"rendered":"","protected":false},"excerpt":{"rendered":"<p><strong>Paradis de la lavande &#8211; Savon naturel de Castille liquide concentr\u00e9<\/strong><\/p>\n<p>Le savon Paradis de la lavande est un parfum de puret\u00e9 et de paix qui apaise et gu\u00e9rit l&#8217;esprit. L&#8217;huile de m\u00e9lisse apaisante r\u00e9\u00e9quilibre et redonne \u00e0 la peau sa beaut\u00e9 naturelle dans ce savon liquide de Castille.<\/p>\n<p><strong>Les savons de Castille Mountain Sky Soap sont concentr\u00e9s et peuvent \u00eatre dilu\u00e9s pour diverses utilisations. Vous pouvez m\u00e9langer le savon comme sugg\u00e9r\u00e9, ou vous pouvez l&#8217;utiliser directement \u00e0 partir de la bouteille. <\/strong><\/p>\n<p><a href=\"https:\/\/dev2.mountainskysoap.com\/150819\/suggested-uses-of-mountain-sky-liquid-castle-soap\/\" target=\"_blank\" rel=\"noopener noreferrer\">Utilisations sugg\u00e9r\u00e9es pour la savon de Castille liquide<\/a><\/p>\n<p>\u21d2 Veuillez noter qu\u2019en raison de la nature artisanale de notre production en petites s\u00e9ries, les couleurs peuvent varier.<\/p>\n","protected":false},"featured_media":21489,"comment_status":"closed","ping_status":"closed","template":"","meta":{"_acf_changed":false},"product_brand":[],"product_cat":[673],"product_tag":[],"class_list":{"0":"post-21738","1":"product","2":"type-product","3":"status-publish","4":"has-post-thumbnail","6":"product_cat-savon-de-castille-liquide","8":"first","9":"instock","10":"taxable","11":"shipping-taxable","12":"purchasable","13":"product-type-variable","14":"has-default-attributes"},"acf":[],"_links":{"self":[{"href":"https:\/\/dev2.mountainskysoap.com\/fr\/wp-json\/wp\/v2\/product\/21738","targetHints":{"allow":["GET"]}}],"collection":[{"href":"https:\/\/dev2.mountainskysoap.com\/fr\/wp-json\/wp\/v2\/product"}],"about":[{"href":"https:\/\/dev2.mountainskysoap.com\/fr\/wp-json\/wp\/v2\/types\/product"}],"replies":[{"embeddable":true,"href":"https:\/\/dev2.mountainskysoap.com\/fr\/wp-json\/wp\/v2\/comments?post=21738"}],"wp:featuredmedia":[{"embeddable":true,"href":"https:\/\/dev2.mountainskysoap.com\/fr\/wp-json\/wp\/v2\/media\/21489"}],"wp:attachment":[{"href":"https:\/\/dev2.mountainskysoap.com\/fr\/wp-json\/wp\/v2\/media?parent=21738"}],"wp:term":[{"taxonomy":"product_brand","embeddable":true,"href":"https:\/\/dev2.mountainskysoap.com\/fr\/wp-json\/wp\/v2\/product_brand?post=21738"},{"taxonomy":"product_cat","embeddable":true,"href":"https:\/\/dev2.mountainskysoap.com\/fr\/wp-json\/wp\/v2\/product_cat?post=21738"},{"taxonomy":"product_tag","embeddable":true,"href":"https:\/\/dev2.mountainskysoap.com\/fr\/wp-json\/wp\/v2\/product_tag?post=21738"}],"curies":[{"name":"wp","href":"https:\/\/api.w.org\/{rel}","templated":true}]}}