{"id":21734,"date":"2015-09-30T03:18:53","date_gmt":"2023-09-08T22:58:20","guid":{"rendered":"https:\/\/dev2.mountainskysoap.com\/product\/savon-de-castille-liquide-miel-et-amande\/"},"modified":"2025-01-13T14:12:28","modified_gmt":"2025-01-13T19:12:28","slug":"savon-de-castille-liquide-miel-amande","status":"publish","type":"product","link":"https:\/\/dev2.mountainskysoap.com\/fr\/product\/savon-de-castille-liquide-miel-amande\/","title":{"rendered":"Savon de Castille liquide miel et amande"},"content":{"rendered":"","protected":false},"excerpt":{"rendered":"<p><strong>Miel et amande &#8211; Savon naturel de Castille liquide concentr\u00e9<\/strong><\/p>\n<p>L&#8217;huile d&#8217;amande hydratante est m\u00e9lang\u00e9e \u00e0 du miel doux pour cr\u00e9er un authentique savon de Castille divinement \u00e9mollient. Le savon au miel et aux amandes est un jubil\u00e9 de p\u00e2te d&#8221;amande sucr\u00e9 qui s\u00e9duira les amateurs d&#8217;amandes.<\/p>\n<p><strong>Les savons de Castille Mountain Sky Soap sont concentr\u00e9s et peuvent \u00eatre dilu\u00e9s pour diverses utilisations. Vous pouvez m\u00e9langer le savon comme sugg\u00e9r\u00e9, ou vous pouvez l&#8217;utiliser directement \u00e0 partir de la bouteille. <\/strong><\/p>\n<p><a href=\"https:\/\/dev2.mountainskysoap.com\/150819\/suggested-uses-of-mountain-sky-liquid-castle-soap\/\" target=\"_blank\" rel=\"noopener noreferrer\">Utilisations sugg\u00e9r\u00e9es pour la savon de Castille liquide<\/a><\/p>\n<p>\u21d2 Veuillez noter qu\u2019en raison de la nature artisanale de notre production en petites s\u00e9ries, les couleurs peuvent varier.<\/p>\n","protected":false},"featured_media":21487,"comment_status":"closed","ping_status":"closed","template":"","meta":{"_acf_changed":false},"product_brand":[],"product_cat":[673],"product_tag":[],"class_list":{"0":"post-21734","1":"product","2":"type-product","3":"status-publish","4":"has-post-thumbnail","6":"product_cat-savon-de-castille-liquide","8":"first","9":"outofstock","10":"taxable","11":"shipping-taxable","12":"purchasable","13":"product-type-variable","14":"has-default-attributes"},"acf":[],"_links":{"self":[{"href":"https:\/\/dev2.mountainskysoap.com\/fr\/wp-json\/wp\/v2\/product\/21734","targetHints":{"allow":["GET"]}}],"collection":[{"href":"https:\/\/dev2.mountainskysoap.com\/fr\/wp-json\/wp\/v2\/product"}],"about":[{"href":"https:\/\/dev2.mountainskysoap.com\/fr\/wp-json\/wp\/v2\/types\/product"}],"replies":[{"embeddable":true,"href":"https:\/\/dev2.mountainskysoap.com\/fr\/wp-json\/wp\/v2\/comments?post=21734"}],"wp:featuredmedia":[{"embeddable":true,"href":"https:\/\/dev2.mountainskysoap.com\/fr\/wp-json\/wp\/v2\/media\/21487"}],"wp:attachment":[{"href":"https:\/\/dev2.mountainskysoap.com\/fr\/wp-json\/wp\/v2\/media?parent=21734"}],"wp:term":[{"taxonomy":"product_brand","embeddable":true,"href":"https:\/\/dev2.mountainskysoap.com\/fr\/wp-json\/wp\/v2\/product_brand?post=21734"},{"taxonomy":"product_cat","embeddable":true,"href":"https:\/\/dev2.mountainskysoap.com\/fr\/wp-json\/wp\/v2\/product_cat?post=21734"},{"taxonomy":"product_tag","embeddable":true,"href":"https:\/\/dev2.mountainskysoap.com\/fr\/wp-json\/wp\/v2\/product_tag?post=21734"}],"curies":[{"name":"wp","href":"https:\/\/api.w.org\/{rel}","templated":true}]}}