{"id":21728,"date":"2023-12-18T21:26:08","date_gmt":"2023-09-08T22:48:27","guid":{"rendered":"https:\/\/dev2.mountainskysoap.com\/product\/carte-cadeau-mountain-sky-soap\/"},"modified":"2025-03-03T13:51:05","modified_gmt":"2025-03-03T18:51:05","slug":"carte-cadeau-mountain-sky-soap","status":"publish","type":"product","link":"https:\/\/dev2.mountainskysoap.com\/fr\/product\/carte-cadeau-mountain-sky-soap\/","title":{"rendered":"Carte-cadeau Mountain Sky Soap"},"content":{"rendered":"","protected":false},"excerpt":{"rendered":"<p><strong>Le cadeau parfait pour chaque occasion ! &#x1f381;<\/strong><\/p>\n<p>Vous ne savez pas quoi acheter ? Offrez le cadeau de votre choix avec notre carte-cadeau Mountain Sky Soap ! Que ce soit pour un anniversaire, des vacances ou tout simplement pour le plaisir, nos cartes-cadeaux permettent \u00e0 vos proches de choisir leurs produits naturels pr\u00e9f\u00e9r\u00e9s.  <\/p>\n<p>Disponibles en coupures de <strong>25 $, 50 $, 75 $ et 100 $<\/strong> , ils peuvent \u00eatre utilis\u00e9s sur toute notre collection de savons faits main, de barres de shampoing, de beurres corporels et plus encore&nbsp;!<\/p>\n<p>Vous pouvez planifier la livraison pour ce jour sp\u00e9cial ou envoyer la carte-cadeau \u00e9lectronique imm\u00e9diatement. Vous pouvez acheter plusieurs cartes \u00e0 la fois et sp\u00e9cifier les e-mails auxquels elles doivent \u00eatre envoy\u00e9es.<\/p>\n<p>&#x2728; <strong>Pourquoi choisir notre carte-cadeau&nbsp;?<\/strong><br \/>\n&#x2714;&#xfe0f; Cadeau instantan\u00e9 et sans tracas Aucune date d\u2019expiration<br \/>\n&#x2714;&#xfe0f; &#8211; \u00e0 utiliser \u00e0 tout moment !<br \/>\n&#x2714;&#xfe0f; Parfait pour les acheteurs soucieux de l\u2019environnement<\/p>\n<p>Laissez-les choisir ce qu\u2019ils aiment ! &#x1f49a;<\/p>\n","protected":false},"featured_media":21262,"comment_status":"closed","ping_status":"closed","template":"","meta":{"_acf_changed":false},"product_brand":[],"product_cat":[674],"product_tag":[],"class_list":{"0":"post-21728","1":"product","2":"type-product","3":"status-publish","4":"has-post-thumbnail","6":"product_cat-cartes-cadeaux","8":"first","9":"instock","10":"purchasable","11":"product-type-variable","12":"has-default-attributes"},"acf":[],"_links":{"self":[{"href":"https:\/\/dev2.mountainskysoap.com\/fr\/wp-json\/wp\/v2\/product\/21728","targetHints":{"allow":["GET"]}}],"collection":[{"href":"https:\/\/dev2.mountainskysoap.com\/fr\/wp-json\/wp\/v2\/product"}],"about":[{"href":"https:\/\/dev2.mountainskysoap.com\/fr\/wp-json\/wp\/v2\/types\/product"}],"replies":[{"embeddable":true,"href":"https:\/\/dev2.mountainskysoap.com\/fr\/wp-json\/wp\/v2\/comments?post=21728"}],"wp:featuredmedia":[{"embeddable":true,"href":"https:\/\/dev2.mountainskysoap.com\/fr\/wp-json\/wp\/v2\/media\/21262"}],"wp:attachment":[{"href":"https:\/\/dev2.mountainskysoap.com\/fr\/wp-json\/wp\/v2\/media?parent=21728"}],"wp:term":[{"taxonomy":"product_brand","embeddable":true,"href":"https:\/\/dev2.mountainskysoap.com\/fr\/wp-json\/wp\/v2\/product_brand?post=21728"},{"taxonomy":"product_cat","embeddable":true,"href":"https:\/\/dev2.mountainskysoap.com\/fr\/wp-json\/wp\/v2\/product_cat?post=21728"},{"taxonomy":"product_tag","embeddable":true,"href":"https:\/\/dev2.mountainskysoap.com\/fr\/wp-json\/wp\/v2\/product_tag?post=21728"}],"curies":[{"name":"wp","href":"https:\/\/api.w.org\/{rel}","templated":true}]}}