{"id":21699,"date":"2019-02-09T20:00:45","date_gmt":"2023-09-08T22:16:44","guid":{"rendered":"https:\/\/dev2.mountainskysoap.com\/product\/baume-pour-le-corps-avec-tube-ecologique\/"},"modified":"2024-04-02T22:04:53","modified_gmt":"2024-04-03T03:04:53","slug":"baume-pour-le-corps","status":"publish","type":"product","link":"https:\/\/dev2.mountainskysoap.com\/fr\/product\/baume-pour-le-corps\/","title":{"rendered":"Baume pour le corps avec tube \u00e9cologique"},"content":{"rendered":"","protected":false},"excerpt":{"rendered":"<h3>Baume naturel r\u00e9parateur au Calendula<\/h3>\n<p>Appliquer sur les ventres de femmes enceintes, les vieux tatouages, les callosit\u00e9s ou les mains s\u00e8ches et gerc\u00e9es pour adoucir et restaurer naturellement votre peau.<\/p>\n<p>La combinaison de l&#8217;extrait de calendula et des huiles essentielles de cajeput, d&#8217;encens et de sapin est anti-inflammatoire, analg\u00e9sique et antibact\u00e9rienne pour votre peau.<\/p>\n<p>Pour chaque beurre corporel, nous ajoutons de la cire d\u2019abeille 100% canadienne, des beurres de cacao et de karit\u00e9, et des huiles de noix de coco, de riz et de s\u00e9same. Chaque beurre et huile a \u00e9t\u00e9 ajout\u00e9 pour adoucir, tonifier et enrichir la peau.<\/p>\n<p><em>Emball\u00e9 dans un tube \u00e9cologique sans plastique BIOD\u00c9GRADABLE. Facile \u00e0 utiliser et garde vos mains propres. <\/em><\/p>\n<p>Baume pour le corps <strong>40 grammes<\/strong><\/p>\n<p>\u21d2 Veuillez noter qu\u2019en raison de la nature artisanale de notre production en petites s\u00e9ries, les couleurs peuvent varier.<\/p>\n","protected":false},"featured_media":21500,"comment_status":"closed","ping_status":"closed","template":"","meta":{"_acf_changed":false},"product_brand":[],"product_cat":[672],"product_tag":[691],"class_list":{"0":"post-21699","1":"product","2":"type-product","3":"status-publish","4":"has-post-thumbnail","6":"product_cat-beurres-corporels","7":"product_tag-sans-plastique","9":"first","10":"instock","11":"taxable","12":"shipping-taxable","13":"purchasable","14":"product-type-simple"},"acf":[],"_links":{"self":[{"href":"https:\/\/dev2.mountainskysoap.com\/fr\/wp-json\/wp\/v2\/product\/21699","targetHints":{"allow":["GET"]}}],"collection":[{"href":"https:\/\/dev2.mountainskysoap.com\/fr\/wp-json\/wp\/v2\/product"}],"about":[{"href":"https:\/\/dev2.mountainskysoap.com\/fr\/wp-json\/wp\/v2\/types\/product"}],"replies":[{"embeddable":true,"href":"https:\/\/dev2.mountainskysoap.com\/fr\/wp-json\/wp\/v2\/comments?post=21699"}],"wp:featuredmedia":[{"embeddable":true,"href":"https:\/\/dev2.mountainskysoap.com\/fr\/wp-json\/wp\/v2\/media\/21500"}],"wp:attachment":[{"href":"https:\/\/dev2.mountainskysoap.com\/fr\/wp-json\/wp\/v2\/media?parent=21699"}],"wp:term":[{"taxonomy":"product_brand","embeddable":true,"href":"https:\/\/dev2.mountainskysoap.com\/fr\/wp-json\/wp\/v2\/product_brand?post=21699"},{"taxonomy":"product_cat","embeddable":true,"href":"https:\/\/dev2.mountainskysoap.com\/fr\/wp-json\/wp\/v2\/product_cat?post=21699"},{"taxonomy":"product_tag","embeddable":true,"href":"https:\/\/dev2.mountainskysoap.com\/fr\/wp-json\/wp\/v2\/product_tag?post=21699"}],"curies":[{"name":"wp","href":"https:\/\/api.w.org\/{rel}","templated":true}]}}