{"id":21695,"date":"2019-02-09T20:29:20","date_gmt":"2023-09-08T22:04:14","guid":{"rendered":"https:\/\/dev2.mountainskysoap.com\/product\/beurre-de-friction-musclulaire-avec-tube-ecologique\/"},"modified":"2024-04-02T22:08:43","modified_gmt":"2024-04-03T03:08:43","slug":"beurre-a-friction-musclulaire","status":"publish","type":"product","link":"https:\/\/dev2.mountainskysoap.com\/fr\/product\/beurre-a-friction-musclulaire\/","title":{"rendered":"Beurre \u00e0 friction musclulaire avec tube \u00e9cologique"},"content":{"rendered":"","protected":false},"excerpt":{"rendered":"<p><b><i>Beurre r\u00e9chauffant \u00e0 friction musclulaire<\/i><\/b><\/p>\n<p>Soulagement des muscles endoloris &#8211; huiles essentielles chauffantes de cannelle, poivre de Cayenne, gingembre, et gaulth\u00e9rie.<\/p>\n<p>Pour chaque beurre corporel, nous ajoutons de la cire d\u2019abeille 100% canadienne, des beurres de cacao et de karit\u00e9, et des huiles de noix de coco, de riz et de s\u00e9same. Chaque beurre et huile a \u00e9t\u00e9 ajout\u00e9 pour adoucir, tonifier et enrichir la peau.<\/p>\n<p>Essayez de frotter vos pieds froids avec ce beurre \u00e0 friction musclulaire en hiver. Ce beurre \u00e0 friction musculaire est tr\u00e8s agr\u00e9able !<\/p>\n<p><strong>Instructions:<\/strong> Poussez prudemment vers le haut par le bas. Appliquer sur les muscles endoloris jusqu\u2019\u00e0 3 fois par jour pour un soulagement temporaire. Pour usage externe uniquement. Tester sur la peau pour d\u00e9celer une \u00e9ventuelle irritation.<\/p>\n<p><strong>NE PAS UTILISER<\/strong> sur une peau coup\u00e9e et endommag\u00e9e; sur un enfant de moins de 12 ans; avec un coussin chauffant; si vous \u00eates allergique aux salicylates ou si vous prenez des anticoagulants. Consultez un m\u00e9decin si la condition s\u2019aggrave ou persiste pendant plus d\u2019une semaine. <strong>Tenir hors de port\u00e9e des enfants.<\/strong><\/p>\n<p>Beurre \u00e0 friction musclulaire <strong>40 grammes<\/strong><\/p>\n<p>\u21d2 Veuillez noter qu\u2019en raison de la nature artisanale de notre production en petites s\u00e9ries, les couleurs peuvent varier.<\/p>\n","protected":false},"featured_media":21501,"comment_status":"closed","ping_status":"closed","template":"","meta":{"_acf_changed":false},"product_brand":[],"product_cat":[672],"product_tag":[691],"class_list":{"0":"post-21695","1":"product","2":"type-product","3":"status-publish","4":"has-post-thumbnail","6":"product_cat-beurres-corporels","7":"product_tag-sans-plastique","9":"first","10":"instock","11":"taxable","12":"shipping-taxable","13":"purchasable","14":"product-type-simple"},"acf":[],"_links":{"self":[{"href":"https:\/\/dev2.mountainskysoap.com\/fr\/wp-json\/wp\/v2\/product\/21695","targetHints":{"allow":["GET"]}}],"collection":[{"href":"https:\/\/dev2.mountainskysoap.com\/fr\/wp-json\/wp\/v2\/product"}],"about":[{"href":"https:\/\/dev2.mountainskysoap.com\/fr\/wp-json\/wp\/v2\/types\/product"}],"replies":[{"embeddable":true,"href":"https:\/\/dev2.mountainskysoap.com\/fr\/wp-json\/wp\/v2\/comments?post=21695"}],"wp:featuredmedia":[{"embeddable":true,"href":"https:\/\/dev2.mountainskysoap.com\/fr\/wp-json\/wp\/v2\/media\/21501"}],"wp:attachment":[{"href":"https:\/\/dev2.mountainskysoap.com\/fr\/wp-json\/wp\/v2\/media?parent=21695"}],"wp:term":[{"taxonomy":"product_brand","embeddable":true,"href":"https:\/\/dev2.mountainskysoap.com\/fr\/wp-json\/wp\/v2\/product_brand?post=21695"},{"taxonomy":"product_cat","embeddable":true,"href":"https:\/\/dev2.mountainskysoap.com\/fr\/wp-json\/wp\/v2\/product_cat?post=21695"},{"taxonomy":"product_tag","embeddable":true,"href":"https:\/\/dev2.mountainskysoap.com\/fr\/wp-json\/wp\/v2\/product_tag?post=21695"}],"curies":[{"name":"wp","href":"https:\/\/api.w.org\/{rel}","templated":true}]}}