{"id":21694,"date":"2019-11-08T21:15:32","date_gmt":"2023-09-08T21:55:10","guid":{"rendered":"https:\/\/dev2.mountainskysoap.com\/product\/beurre-corporel-a-la-vanille-avec-tube-ecologique\/"},"modified":"2024-04-02T21:50:34","modified_gmt":"2024-04-03T02:50:34","slug":"beurre-corporel-vanille","status":"publish","type":"product","link":"https:\/\/dev2.mountainskysoap.com\/fr\/product\/beurre-corporel-vanille\/","title":{"rendered":"Beurre corporel \u00e0 la vanille avec tube \u00e9cologique"},"content":{"rendered":"","protected":false},"excerpt":{"rendered":"<p><b><i>Beurre corporel \u00e0 la vanille<\/i><\/b><\/p>\n<p>Un parfum sensuel de vanille avec de l\u2019huile d\u2019avocat pour apaiser et nourrir la peau naturellement.<\/p>\n<p>Pour chaque beurre corporel, nous ajoutons de la cire d\u2019abeille 100% canadienne, des beurres de cacao et de karit\u00e9, et des huiles de noix de coco, de riz et de s\u00e9same. Chaque beurre et huile a \u00e9t\u00e9 ajout\u00e9 pour adoucir, tonifier et enrichir la peau.<\/p>\n<p><strong>Instructions:<\/strong> Poussez prudemment vers le haut par le bas. Pour usage externe uniquement.<\/p>\n<p>Beurre corporel \u00e0 la vanille <strong>40 grammes<\/strong><\/p>\n<p>\u21d2 Veuillez noter qu\u2019en raison de la nature artisanale de notre production en petites s\u00e9ries, les couleurs peuvent varier.<\/p>\n","protected":false},"featured_media":21502,"comment_status":"closed","ping_status":"closed","template":"","meta":{"_acf_changed":false},"product_brand":[],"product_cat":[672],"product_tag":[691],"class_list":{"0":"post-21694","1":"product","2":"type-product","3":"status-publish","4":"has-post-thumbnail","6":"product_cat-beurres-corporels","7":"product_tag-sans-plastique","9":"first","10":"instock","11":"taxable","12":"shipping-taxable","13":"purchasable","14":"product-type-simple"},"acf":[],"_links":{"self":[{"href":"https:\/\/dev2.mountainskysoap.com\/fr\/wp-json\/wp\/v2\/product\/21694","targetHints":{"allow":["GET"]}}],"collection":[{"href":"https:\/\/dev2.mountainskysoap.com\/fr\/wp-json\/wp\/v2\/product"}],"about":[{"href":"https:\/\/dev2.mountainskysoap.com\/fr\/wp-json\/wp\/v2\/types\/product"}],"replies":[{"embeddable":true,"href":"https:\/\/dev2.mountainskysoap.com\/fr\/wp-json\/wp\/v2\/comments?post=21694"}],"wp:featuredmedia":[{"embeddable":true,"href":"https:\/\/dev2.mountainskysoap.com\/fr\/wp-json\/wp\/v2\/media\/21502"}],"wp:attachment":[{"href":"https:\/\/dev2.mountainskysoap.com\/fr\/wp-json\/wp\/v2\/media?parent=21694"}],"wp:term":[{"taxonomy":"product_brand","embeddable":true,"href":"https:\/\/dev2.mountainskysoap.com\/fr\/wp-json\/wp\/v2\/product_brand?post=21694"},{"taxonomy":"product_cat","embeddable":true,"href":"https:\/\/dev2.mountainskysoap.com\/fr\/wp-json\/wp\/v2\/product_cat?post=21694"},{"taxonomy":"product_tag","embeddable":true,"href":"https:\/\/dev2.mountainskysoap.com\/fr\/wp-json\/wp\/v2\/product_tag?post=21694"}],"curies":[{"name":"wp","href":"https:\/\/api.w.org\/{rel}","templated":true}]}}