{"id":21693,"date":"2019-12-18T19:38:54","date_gmt":"2023-09-08T21:51:32","guid":{"rendered":"https:\/\/dev2.mountainskysoap.com\/product\/beurre-de-barbe-boise-avec-tube-ecologique\/"},"modified":"2025-01-13T13:35:13","modified_gmt":"2025-01-13T18:35:13","slug":"beurre-de-barbe-boise","status":"publish","type":"product","link":"https:\/\/dev2.mountainskysoap.com\/fr\/product\/beurre-de-barbe-boise\/","title":{"rendered":"Beurre de barbe bois\u00e9 avec tube \u00e9cologique"},"content":{"rendered":"","protected":false},"excerpt":{"rendered":"<p><b><i>Beurre de barbe bois\u00e9<\/i><\/b><\/p>\n<p>Adoucis et hydrate naturellement les poils du visage, et de la peau tout en laissant un soup\u00e7on s\u00e9duisant de parfum bois\u00e9 de la for\u00eat. Masser attentivement sur les poils de la figure, la barbe ou la moustache; Assurez-vous de frotter le beurre jusqu\u2019aux follicules pileux pour une peau et des cheveux plus doux.<\/p>\n<p>Emball\u00e9 dans un tube \u00e9cologique sans plastique BIOD\u00c9GRADABLE. Facile \u00e0 utiliser et garde vos mains propres.<\/p>\n<p>Pour chaque beurre corporel, nous ajoutons de la cire d\u2019abeille 100% canadienne, des beurres de cacao et de karit\u00e9, et des huiles de noix de coco, de riz et de s\u00e9same. Chaque beurre et huile a \u00e9t\u00e9 ajout\u00e9 pour adoucir, tonifier et enrichir la peau.<\/p>\n<p><strong>Instructions:<\/strong> Poussez prudemment vers le haut par le bas. Pour usage externe uniquement.<\/p>\n<p>Beurre de barbe bois\u00e9 <strong>40 grammes<\/strong><\/p>\n<p>\u21d2 Veuillez noter qu\u2019en raison de la nature artisanale de notre production en petites s\u00e9ries, les couleurs peuvent varier.<\/p>\n","protected":false},"featured_media":21503,"comment_status":"closed","ping_status":"closed","template":"","meta":{"_acf_changed":false},"product_brand":[],"product_cat":[672],"product_tag":[691],"class_list":{"0":"post-21693","1":"product","2":"type-product","3":"status-publish","4":"has-post-thumbnail","6":"product_cat-beurres-corporels","7":"product_tag-sans-plastique","9":"first","10":"instock","11":"taxable","12":"shipping-taxable","13":"purchasable","14":"product-type-simple"},"acf":[],"_links":{"self":[{"href":"https:\/\/dev2.mountainskysoap.com\/fr\/wp-json\/wp\/v2\/product\/21693","targetHints":{"allow":["GET"]}}],"collection":[{"href":"https:\/\/dev2.mountainskysoap.com\/fr\/wp-json\/wp\/v2\/product"}],"about":[{"href":"https:\/\/dev2.mountainskysoap.com\/fr\/wp-json\/wp\/v2\/types\/product"}],"replies":[{"embeddable":true,"href":"https:\/\/dev2.mountainskysoap.com\/fr\/wp-json\/wp\/v2\/comments?post=21693"}],"wp:featuredmedia":[{"embeddable":true,"href":"https:\/\/dev2.mountainskysoap.com\/fr\/wp-json\/wp\/v2\/media\/21503"}],"wp:attachment":[{"href":"https:\/\/dev2.mountainskysoap.com\/fr\/wp-json\/wp\/v2\/media?parent=21693"}],"wp:term":[{"taxonomy":"product_brand","embeddable":true,"href":"https:\/\/dev2.mountainskysoap.com\/fr\/wp-json\/wp\/v2\/product_brand?post=21693"},{"taxonomy":"product_cat","embeddable":true,"href":"https:\/\/dev2.mountainskysoap.com\/fr\/wp-json\/wp\/v2\/product_cat?post=21693"},{"taxonomy":"product_tag","embeddable":true,"href":"https:\/\/dev2.mountainskysoap.com\/fr\/wp-json\/wp\/v2\/product_tag?post=21693"}],"curies":[{"name":"wp","href":"https:\/\/api.w.org\/{rel}","templated":true}]}}