{"id":21691,"date":"2015-09-30T04:06:49","date_gmt":"2023-09-08T21:33:54","guid":{"rendered":"https:\/\/dev2.mountainskysoap.com\/product\/baume-a-levres-a-la-menthe\/"},"modified":"2024-04-02T21:52:37","modified_gmt":"2024-04-03T02:52:37","slug":"baume-a-levres-menthe","status":"publish","type":"product","link":"https:\/\/dev2.mountainskysoap.com\/fr\/product\/baume-a-levres-menthe\/","title":{"rendered":"Baume \u00e0 l\u00e8vres \u00e0 la menthe"},"content":{"rendered":"","protected":false},"excerpt":{"rendered":"<h3>Baume \u00e0 l\u00e8vres naturel \u00e0 la menthe<\/h3>\n<p>La menthe est un parfum qui \u00e9veil les senses pour les personnes qui aiment les baumes \u00e0 l\u00e8vres cr\u00e9meux et doux.<\/p>\n<p>Les l\u00e8vres gu\u00e9rissent mieux lorsqu\u2019elles sont hydrat\u00e9es. Notre baume \u00e0 l\u00e8vres naturel aide \u00e0 sceller l&#8217;hydratation suppl\u00e9ment\u00e9e avec des huiles b\u00e9n\u00e9fiques.<\/p>\n<p><strong>Le baume \u00e0 l\u00e8vres Love Thy Lips<\/strong> est un protecteur naturel extra cr\u00e9meux pour les l\u00e8vres, compos\u00e9 d&#8217;ingr\u00e9dients enti\u00e8rement naturels pour prot\u00e9ger vos l\u00e8vres sensibles et peut m\u00eame \u00eatre utilis\u00e9 pour hydrater les zones de peau s\u00e8che. Les baumes \u00e0 l\u00e8vres Love Thy Lips de Mountain Sky Soap sont apaisants et hydratants pour les personnes actives en d\u00e9placement.<\/p>\n","protected":false},"featured_media":21223,"comment_status":"closed","ping_status":"closed","template":"","meta":{"_acf_changed":false},"product_brand":[],"product_cat":[675],"product_tag":[],"class_list":{"0":"post-21691","1":"product","2":"type-product","3":"status-publish","4":"has-post-thumbnail","6":"product_cat-baumes-a-levres","8":"first","9":"instock","10":"taxable","11":"shipping-taxable","12":"purchasable","13":"product-type-simple"},"acf":[],"_links":{"self":[{"href":"https:\/\/dev2.mountainskysoap.com\/fr\/wp-json\/wp\/v2\/product\/21691","targetHints":{"allow":["GET"]}}],"collection":[{"href":"https:\/\/dev2.mountainskysoap.com\/fr\/wp-json\/wp\/v2\/product"}],"about":[{"href":"https:\/\/dev2.mountainskysoap.com\/fr\/wp-json\/wp\/v2\/types\/product"}],"replies":[{"embeddable":true,"href":"https:\/\/dev2.mountainskysoap.com\/fr\/wp-json\/wp\/v2\/comments?post=21691"}],"wp:featuredmedia":[{"embeddable":true,"href":"https:\/\/dev2.mountainskysoap.com\/fr\/wp-json\/wp\/v2\/media\/21223"}],"wp:attachment":[{"href":"https:\/\/dev2.mountainskysoap.com\/fr\/wp-json\/wp\/v2\/media?parent=21691"}],"wp:term":[{"taxonomy":"product_brand","embeddable":true,"href":"https:\/\/dev2.mountainskysoap.com\/fr\/wp-json\/wp\/v2\/product_brand?post=21691"},{"taxonomy":"product_cat","embeddable":true,"href":"https:\/\/dev2.mountainskysoap.com\/fr\/wp-json\/wp\/v2\/product_cat?post=21691"},{"taxonomy":"product_tag","embeddable":true,"href":"https:\/\/dev2.mountainskysoap.com\/fr\/wp-json\/wp\/v2\/product_tag?post=21691"}],"curies":[{"name":"wp","href":"https:\/\/api.w.org\/{rel}","templated":true}]}}