{"id":21686,"date":"2015-09-28T23:15:18","date_gmt":"2023-09-08T21:11:11","guid":{"rendered":"https:\/\/dev2.mountainskysoap.com\/product\/savon-recycle-a-lanis-etoile\/"},"modified":"2024-04-02T22:03:06","modified_gmt":"2024-04-03T03:03:06","slug":"savon-recycle-anis-etoile","status":"publish","type":"product","link":"https:\/\/dev2.mountainskysoap.com\/fr\/product\/savon-recycle-anis-etoile\/","title":{"rendered":"Savon recycl\u00e9 \u00e0 l\u2019anis \u00e9toil\u00e9"},"content":{"rendered":"","protected":false},"excerpt":{"rendered":"<h3>Savon naturel recycl\u00e9 \u00e0 l\u2019anis \u00e9toil\u00e9<\/h3>\n<p>Aimez-vous l\u2019odeur de l\u2019anis? \u00cates-vous de ceux qui doivent tout essayer? Vous ennuyez-vous d\u2019utiliser le m\u00eame vieux savon pendant des semaines?<\/p>\n<p>Alors essayez notre savon d\u2019anis \u00e9toil\u00e9 \u2013 une s\u00e9lection \u00e9clectique et succulente de morceaux parfum\u00e9s recycl\u00e9 ensemble dans une barre. Chaque utilisation est une aventure extr\u00eame!<\/p>\n<p><em>Tous nos savons naturels de Castille<strong> p\u00e8sent 135 grammes, soit pr\u00e8s de 35% de plus <\/strong>que la plupart de nos concurrents.<\/em><\/p>\n<p>Visitez notre page FAQ sur les <a href=\"https:\/\/dev2.mountainskysoap.com\/customer-service\/faqs\/\">produits<\/a> pour plus de d\u00e9tails sur nos produits<\/p>\n<p>\u21d2 Veuillez noter qu\u2019en raison de la nature artisanale de notre production en petites s\u00e9ries, les couleurs peuvent varier.<\/p>\n","protected":false},"featured_media":21452,"comment_status":"closed","ping_status":"closed","template":"","meta":{"_acf_changed":false},"product_brand":[],"product_cat":[678],"product_tag":[],"class_list":{"0":"post-21686","1":"product","2":"type-product","3":"status-publish","4":"has-post-thumbnail","6":"product_cat-barres-de-savon-naturel","8":"first","9":"instock","10":"taxable","11":"shipping-taxable","12":"purchasable","13":"product-type-simple"},"acf":[],"_links":{"self":[{"href":"https:\/\/dev2.mountainskysoap.com\/fr\/wp-json\/wp\/v2\/product\/21686","targetHints":{"allow":["GET"]}}],"collection":[{"href":"https:\/\/dev2.mountainskysoap.com\/fr\/wp-json\/wp\/v2\/product"}],"about":[{"href":"https:\/\/dev2.mountainskysoap.com\/fr\/wp-json\/wp\/v2\/types\/product"}],"replies":[{"embeddable":true,"href":"https:\/\/dev2.mountainskysoap.com\/fr\/wp-json\/wp\/v2\/comments?post=21686"}],"wp:featuredmedia":[{"embeddable":true,"href":"https:\/\/dev2.mountainskysoap.com\/fr\/wp-json\/wp\/v2\/media\/21452"}],"wp:attachment":[{"href":"https:\/\/dev2.mountainskysoap.com\/fr\/wp-json\/wp\/v2\/media?parent=21686"}],"wp:term":[{"taxonomy":"product_brand","embeddable":true,"href":"https:\/\/dev2.mountainskysoap.com\/fr\/wp-json\/wp\/v2\/product_brand?post=21686"},{"taxonomy":"product_cat","embeddable":true,"href":"https:\/\/dev2.mountainskysoap.com\/fr\/wp-json\/wp\/v2\/product_cat?post=21686"},{"taxonomy":"product_tag","embeddable":true,"href":"https:\/\/dev2.mountainskysoap.com\/fr\/wp-json\/wp\/v2\/product_tag?post=21686"}],"curies":[{"name":"wp","href":"https:\/\/api.w.org\/{rel}","templated":true}]}}