{"id":21675,"date":"2015-09-29T20:41:25","date_gmt":"2023-09-07T20:41:30","guid":{"rendered":"https:\/\/dev2.mountainskysoap.com\/product\/savon-a-la-rose-sauvage\/"},"modified":"2024-04-02T21:54:56","modified_gmt":"2024-04-03T02:54:56","slug":"savon-rose-sauvage","status":"publish","type":"product","link":"https:\/\/dev2.mountainskysoap.com\/fr\/product\/savon-rose-sauvage\/","title":{"rendered":"Savon \u00e0 la rose sauvage"},"content":{"rendered":"","protected":false},"excerpt":{"rendered":"<h3>Savon naturel \u00e0 la rose sauvage<\/h3>\n<p>Notre savon soyeux Rose Sauvage contient du beurre de karit\u00e9 qui adoucit la peau, de l\u2019huile d\u2019\u00e9glantier pour r\u00e9duire les rides, et de l\u2019huile de grenade riche en vitamines.<\/p>\n<p>Notre savon Rose Sauvage parfum\u00e9 est pour le c\u0153ur, un regard innocent et une douce caresse , pour soi-m\u00eame ou pour un \u00eatre cher.<\/p>\n<p><span style=\"color: #800000;\"><em>Tous nos savons naturels de Castille<strong> p\u00e8sent 135 grammes, soit pr\u00e8s de 35% de plus <\/strong>que la plupart de nos concurrents.<\/em><\/span><\/p>\n<p>Visitez notre page FAQ sur les <a href=\"https:\/\/dev2.mountainskysoap.com\/customer-service\/faqs\/\">produits<\/a> pour plus de d\u00e9tails sur nos produits<\/p>\n<p>\u21d2 Veuillez noter qu\u2019en raison de la nature artisanale de notre production en petites s\u00e9ries, les couleurs peuvent varier.<\/p>\n","protected":false},"featured_media":21455,"comment_status":"closed","ping_status":"closed","template":"","meta":{"_acf_changed":false},"product_brand":[],"product_cat":[678],"product_tag":[691],"class_list":{"0":"post-21675","1":"product","2":"type-product","3":"status-publish","4":"has-post-thumbnail","6":"product_cat-barres-de-savon-naturel","7":"product_tag-sans-plastique","9":"first","10":"instock","11":"taxable","12":"shipping-taxable","13":"purchasable","14":"product-type-simple"},"acf":[],"_links":{"self":[{"href":"https:\/\/dev2.mountainskysoap.com\/fr\/wp-json\/wp\/v2\/product\/21675","targetHints":{"allow":["GET"]}}],"collection":[{"href":"https:\/\/dev2.mountainskysoap.com\/fr\/wp-json\/wp\/v2\/product"}],"about":[{"href":"https:\/\/dev2.mountainskysoap.com\/fr\/wp-json\/wp\/v2\/types\/product"}],"replies":[{"embeddable":true,"href":"https:\/\/dev2.mountainskysoap.com\/fr\/wp-json\/wp\/v2\/comments?post=21675"}],"wp:featuredmedia":[{"embeddable":true,"href":"https:\/\/dev2.mountainskysoap.com\/fr\/wp-json\/wp\/v2\/media\/21455"}],"wp:attachment":[{"href":"https:\/\/dev2.mountainskysoap.com\/fr\/wp-json\/wp\/v2\/media?parent=21675"}],"wp:term":[{"taxonomy":"product_brand","embeddable":true,"href":"https:\/\/dev2.mountainskysoap.com\/fr\/wp-json\/wp\/v2\/product_brand?post=21675"},{"taxonomy":"product_cat","embeddable":true,"href":"https:\/\/dev2.mountainskysoap.com\/fr\/wp-json\/wp\/v2\/product_cat?post=21675"},{"taxonomy":"product_tag","embeddable":true,"href":"https:\/\/dev2.mountainskysoap.com\/fr\/wp-json\/wp\/v2\/product_tag?post=21675"}],"curies":[{"name":"wp","href":"https:\/\/api.w.org\/{rel}","templated":true}]}}