{"id":21616,"date":"2015-09-29T20:50:30","date_gmt":"2023-09-07T00:23:46","guid":{"rendered":"https:\/\/dev2.mountainskysoap.com\/product\/savon-a-lhuile-dargan-du-maroc\/"},"modified":"2024-08-15T18:55:29","modified_gmt":"2024-08-15T23:55:29","slug":"savon-huile-argan-du-maroc","status":"publish","type":"product","link":"https:\/\/dev2.mountainskysoap.com\/fr\/product\/savon-huile-argan-du-maroc\/","title":{"rendered":"Savon \u00e0 L&#8217;huile d\u2019Argan du Maroc"},"content":{"rendered":"","protected":false},"excerpt":{"rendered":"<p><strong>CE SAVON SERA BIENT\u00d4T ABANDONN\u00c9<\/strong> L\u2019huile d\u2019argan marocaine est utilis\u00e9e depuis des si\u00e8cles pour les soins apaisants de la peau. L\u2019huile d\u2019argan est riche en vitamines A et E, Om\u00e9ga-6, et est abondante en antioxydants naturels. L\u2019argile marocaine Rhassoul contenant de nombreux min\u00e9raux et oligo-\u00e9l\u00e9ments ajoute un vernis de luxe suppl\u00e9mentaire pour que votre peau brille. \u21d2 Nous changeons la couleur de ce savon. Il peut arriver de couleur orange ou cr\u00e8me au hasard. <span style=\"color: #800000;\"><em>Tous nos savons naturels de Castille<strong> p\u00e8sent 135 grammes, soit pr\u00e8s de 35% de plus <\/strong>que la plupart de nos concurrents.<\/em><\/span> Visitez notre page FAQ sur les <a href=\"https:\/\/dev2.mountainskysoap.com\/customer-service\/faqs\/\">produits<\/a> pour plus de d\u00e9tails sur nos produits \u21d2 Veuillez noter qu\u2019en raison de la nature artisanale de notre production en petits lots, les couleurs peuvent varier.<\/p>\n","protected":false},"featured_media":21449,"comment_status":"closed","ping_status":"closed","template":"","meta":{"_acf_changed":false},"product_brand":[],"product_cat":[678],"product_tag":[691],"class_list":{"0":"post-21616","1":"product","2":"type-product","3":"status-publish","4":"has-post-thumbnail","6":"product_cat-barres-de-savon-naturel","7":"product_tag-sans-plastique","9":"first","10":"instock","11":"taxable","12":"shipping-taxable","13":"purchasable","14":"product-type-simple"},"acf":[],"_links":{"self":[{"href":"https:\/\/dev2.mountainskysoap.com\/fr\/wp-json\/wp\/v2\/product\/21616","targetHints":{"allow":["GET"]}}],"collection":[{"href":"https:\/\/dev2.mountainskysoap.com\/fr\/wp-json\/wp\/v2\/product"}],"about":[{"href":"https:\/\/dev2.mountainskysoap.com\/fr\/wp-json\/wp\/v2\/types\/product"}],"replies":[{"embeddable":true,"href":"https:\/\/dev2.mountainskysoap.com\/fr\/wp-json\/wp\/v2\/comments?post=21616"}],"wp:featuredmedia":[{"embeddable":true,"href":"https:\/\/dev2.mountainskysoap.com\/fr\/wp-json\/wp\/v2\/media\/21449"}],"wp:attachment":[{"href":"https:\/\/dev2.mountainskysoap.com\/fr\/wp-json\/wp\/v2\/media?parent=21616"}],"wp:term":[{"taxonomy":"product_brand","embeddable":true,"href":"https:\/\/dev2.mountainskysoap.com\/fr\/wp-json\/wp\/v2\/product_brand?post=21616"},{"taxonomy":"product_cat","embeddable":true,"href":"https:\/\/dev2.mountainskysoap.com\/fr\/wp-json\/wp\/v2\/product_cat?post=21616"},{"taxonomy":"product_tag","embeddable":true,"href":"https:\/\/dev2.mountainskysoap.com\/fr\/wp-json\/wp\/v2\/product_tag?post=21616"}],"curies":[{"name":"wp","href":"https:\/\/api.w.org\/{rel}","templated":true}]}}